{"id":43,"date":"2025-05-14T10:43:14","date_gmt":"2025-05-14T10:43:14","guid":{"rendered":"http:\/\/127.0.0.1:8080\/index.php\/sobre-nosotros\/"},"modified":"2025-05-14T10:43:14","modified_gmt":"2025-05-14T10:43:14","slug":"sobre-nosotros","status":"publish","type":"page","link":"https:\/\/alextest0001.orbidi.dev\/index.php\/sobre-nosotros\/","title":{"rendered":"Sobre nosotros"},"content":{"rendered":"\t\t<div data-elementor-type=\"wp-page\" data-elementor-id=\"43\" class=\"elementor elementor-43\" data-elementor-post-type=\"page\">\n\t\t\t\t<div class=\"elementor-element elementor-element-38038e28 e-flex e-con-boxed e-con e-parent\" data-id=\"38038e28\" data-element_type=\"container\">\n\t\t\t\t\t<div class=\"e-con-inner\">\n\t\t<div class=\"elementor-element elementor-element-2a0b7db0 e-con-full e-flex e-con e-child\" data-id=\"2a0b7db0\" data-element_type=\"container\">\n\t\t\t\t<div class=\"elementor-element elementor-element-1fe7a1be elementor-widget elementor-widget-heading\" data-id=\"1fe7a1be\" data-element_type=\"widget\" data-widget_type=\"heading.default\">\n\t\t\t\t<div class=\"elementor-widget-container\">\n\t\t\t\t\t<span class=\"elementor-heading-title elementor-size-default\">\"Armonizando Cuerpo y Mente con Masajes Kobido y Meditaci\u00f3n Zen\"<\/span>\t\t\t\t<\/div>\n\t\t\t\t<\/div>\n\t\t\t\t<div class=\"elementor-element elementor-element-788d4613 elementor-widget elementor-widget-heading\" data-id=\"788d4613\" data-element_type=\"widget\" data-widget_type=\"heading.default\">\n\t\t\t\t<div class=\"elementor-widget-container\">\n\t\t\t\t\t<h1 class=\"elementor-heading-title elementor-size-default\">\"Expertos en Masajes Kobido y Reflexolog\u00eda Facial para tu Bienestar Integral\"<\/h1>\t\t\t\t<\/div>\n\t\t\t\t<\/div>\n\t\t\t\t<div class=\"elementor-element elementor-element-1418bfdb elementor-widget elementor-widget-text-editor\" data-id=\"1418bfdb\" data-element_type=\"widget\" data-widget_type=\"text-editor.default\">\n\t\t\t\t<div class=\"elementor-widget-container\">\n\t\t\t\t\t\t\t\t\t<p>&#8220;Un Oasis de Tranquilidad: Masajes Kobido, Reflexolog\u00eda y Meditaci\u00f3n Guiada&#8221;<\/p>\t\t\t\t\t\t\t\t<\/div>\n\t\t\t\t<\/div>\n\t\t\t\t<\/div>\n\t\t<div class=\"elementor-element elementor-element-4b14f175 e-con-full e-flex e-con e-child\" data-id=\"4b14f175\" data-element_type=\"container\">\n\t\t\t\t<div class=\"elementor-element elementor-element-600d00a9 elementor-widget elementor-widget-image\" data-id=\"600d00a9\" data-element_type=\"widget\" data-widget_type=\"image.default\">\n\t\t\t\t<div class=\"elementor-widget-container\">\n\t\t\t\t\t\t\t\t\t\t\t\t\t\t\t<img decoding=\"async\" src=\"https:\/\/alextest0001.orbidi.dev\/wp-content\/plugins\/elementor\/assets\/images\/placeholder.png\" title=\"\" alt=\"\" loading=\"lazy\" \/>\t\t\t\t\t\t\t\t\t\t\t\t\t\t\t<\/div>\n\t\t\t\t<\/div>\n\t\t\t\t<\/div>\n\t\t\t\t\t<\/div>\n\t\t\t\t<\/div>\n\t\t<div class=\"elementor-element elementor-element-430abb7e e-flex e-con-boxed e-con e-parent\" data-id=\"430abb7e\" data-element_type=\"container\" data-settings=\"{&quot;background_background&quot;:&quot;classic&quot;}\">\n\t\t\t\t\t<div class=\"e-con-inner\">\n\t\t<div class=\"elementor-element elementor-element-1d7e35b4 e-con-full e-flex e-con e-child\" data-id=\"1d7e35b4\" data-element_type=\"container\">\n\t\t\t\t<div class=\"elementor-element elementor-element-519d5f7e elementor-widget elementor-widget-heading\" data-id=\"519d5f7e\" data-element_type=\"widget\" data-widget_type=\"heading.default\">\n\t\t\t\t<div class=\"elementor-widget-container\">\n\t\t\t\t\t<span class=\"elementor-heading-title elementor-size-default\">\"Despertando la Armon\u00eda Interna con Yoga, Meditaci\u00f3n y Terapias Faciales\"<\/span>\t\t\t\t<\/div>\n\t\t\t\t<\/div>\n\t\t\t\t<div class=\"elementor-element elementor-element-7915485e elementor-widget elementor-widget-heading\" data-id=\"7915485e\" data-element_type=\"widget\" data-widget_type=\"heading.default\">\n\t\t\t\t<div class=\"elementor-widget-container\">\n\t\t\t\t\t<h2 class=\"elementor-heading-title elementor-size-default\">\"Armonizando Cuerpo y Mente con Masajes Kobido, Reflexolog\u00eda Facial y Yoga\"<\/h2>\t\t\t\t<\/div>\n\t\t\t\t<\/div>\n\t\t\t\t<div class=\"elementor-element elementor-element-4de40d9b elementor-widget elementor-widget-text-editor\" data-id=\"4de40d9b\" data-element_type=\"widget\" data-widget_type=\"text-editor.default\">\n\t\t\t\t<div class=\"elementor-widget-container\">\n\t\t\t\t\t\t\t\t\t<p>&#8220;Descubre el Arte de la Relajaci\u00f3n: Masajes Kobido, Reflexolog\u00eda Facial y Yoga Meditativo&#8221;<\/p>\t\t\t\t\t\t\t\t<\/div>\n\t\t\t\t<\/div>\n\t\t\t\t<\/div>\n\t\t<div class=\"elementor-element elementor-element-62932614 e-con-full e-flex e-con e-child\" data-id=\"62932614\" data-element_type=\"container\">\n\t\t\t\t<div class=\"elementor-element elementor-element-6f27fcad elementor-widget__width-initial elementor-widget elementor-widget-image\" data-id=\"6f27fcad\" data-element_type=\"widget\" data-widget_type=\"image.default\">\n\t\t\t\t<div class=\"elementor-widget-container\">\n\t\t\t\t\t\t\t\t\t\t\t\t\t\t\t<img decoding=\"async\" src=\"https:\/\/alextest0001.orbidi.dev\/wp-content\/plugins\/elementor\/assets\/images\/placeholder.png\" title=\"\" alt=\"\" loading=\"lazy\" \/>\t\t\t\t\t\t\t\t\t\t\t\t\t\t\t<\/div>\n\t\t\t\t<\/div>\n\t\t\t\t<\/div>\n\t\t\t\t\t<\/div>\n\t\t\t\t<\/div>\n\t\t<div class=\"elementor-element elementor-element-21227514 e-flex e-con-boxed e-con e-parent\" data-id=\"21227514\" data-element_type=\"container\">\n\t\t\t\t\t<div class=\"e-con-inner\">\n\t\t<div class=\"elementor-element elementor-element-312cc18b e-con-full e-flex e-con e-child\" data-id=\"312cc18b\" data-element_type=\"container\">\n\t\t\t\t<div class=\"elementor-element elementor-element-6f7dbced elementor-widget elementor-widget-heading\" data-id=\"6f7dbced\" data-element_type=\"widget\" data-widget_type=\"heading.default\">\n\t\t\t\t<div class=\"elementor-widget-container\">\n\t\t\t\t\t<span class=\"elementor-heading-title elementor-size-default\">\"Armonizando cuerpo y mente con Kobido, Yoga y Reflexolog\u00eda Facial\"\n<\/span>\t\t\t\t<\/div>\n\t\t\t\t<\/div>\n\t\t\t\t<div class=\"elementor-element elementor-element-fb927 elementor-widget elementor-widget-heading\" data-id=\"fb927\" data-element_type=\"widget\" data-widget_type=\"heading.default\">\n\t\t\t\t<div class=\"elementor-widget-container\">\n\t\t\t\t\t<h2 class=\"elementor-heading-title elementor-size-default\">\"Cuidado Hol\u00edstico y Bienestar: Masajes Kobido, Reflexolog\u00eda Facial y Yoga Meditativo\"<\/h2>\t\t\t\t<\/div>\n\t\t\t\t<\/div>\n\t\t\t\t<div class=\"elementor-element elementor-element-4d438838 elementor-widget__width-initial elementor-widget elementor-widget-text-editor\" data-id=\"4d438838\" data-element_type=\"widget\" data-widget_type=\"text-editor.default\">\n\t\t\t\t<div class=\"elementor-widget-container\">\n\t\t\t\t\t\t\t\t\t<p><span style=\"font-weight: 400;\">&#8220;Transformando Vidas a Trav\u00e9s del Arte Milenario del Yoga y Terapias de Bienestar&#8221;<\/span><\/p>\t\t\t\t\t\t\t\t<\/div>\n\t\t\t\t<\/div>\n\t\t\t\t<\/div>\n\t\t<div class=\"elementor-element elementor-element-60d59ebe e-con-full e-flex e-con e-child\" data-id=\"60d59ebe\" data-element_type=\"container\" data-settings=\"{&quot;background_background&quot;:&quot;classic&quot;}\">\n\t\t<div class=\"elementor-element elementor-element-3865beb9 e-flex e-con-boxed e-con e-child\" data-id=\"3865beb9\" data-element_type=\"container\">\n\t\t\t\t\t<div class=\"e-con-inner\">\n\t\t\t\t<div class=\"elementor-element elementor-element-6a09de9e elementor-widget elementor-widget-heading\" data-id=\"6a09de9e\" data-element_type=\"widget\" data-widget_type=\"heading.default\">\n\t\t\t\t<div class=\"elementor-widget-container\">\n\t\t\t\t\t<h3 class=\"elementor-heading-title elementor-size-default\">\"Revitalizando Cuerpo y Mente con Yoga y Masajes Aut\u00e9nticos\"<\/h3>\t\t\t\t<\/div>\n\t\t\t\t<\/div>\n\t\t\t\t<div class=\"elementor-element elementor-element-23e26f79 elementor-widget elementor-widget-text-editor\" data-id=\"23e26f79\" data-element_type=\"widget\" data-widget_type=\"text-editor.default\">\n\t\t\t\t<div class=\"elementor-widget-container\">\n\t\t\t\t\t\t\t\t\t<p>&#8220;Transformando Vidas a trav\u00e9s del Yoga, Reflexolog\u00eda y Masajes Kobido&#8221;<\/p>\t\t\t\t\t\t\t\t<\/div>\n\t\t\t\t<\/div>\n\t\t\t\t\t<\/div>\n\t\t\t\t<\/div>\n\t\t\t\t<\/div>\n\t\t<div class=\"elementor-element elementor-element-442094f2 e-con-full e-flex e-con e-child\" data-id=\"442094f2\" data-element_type=\"container\" data-settings=\"{&quot;background_background&quot;:&quot;classic&quot;}\">\n\t\t<div class=\"elementor-element elementor-element-116dc5c3 e-flex e-con-boxed e-con e-child\" data-id=\"116dc5c3\" data-element_type=\"container\">\n\t\t\t\t\t<div class=\"e-con-inner\">\n\t\t\t\t<div class=\"elementor-element elementor-element-58b568f3 elementor-widget elementor-widget-heading\" data-id=\"58b568f3\" data-element_type=\"widget\" data-widget_type=\"heading.default\">\n\t\t\t\t<div class=\"elementor-widget-container\">\n\t\t\t\t\t<h3 class=\"elementor-heading-title elementor-size-default\">\"Revitaliza tu Esp\u00edritu y Cuerpo con Nuestros Masajes Kobido y Sesiones de Yoga\"<\/h3>\t\t\t\t<\/div>\n\t\t\t\t<\/div>\n\t\t\t\t<div class=\"elementor-element elementor-element-5eebbd69 elementor-widget elementor-widget-text-editor\" data-id=\"5eebbd69\" data-element_type=\"widget\" data-widget_type=\"text-editor.default\">\n\t\t\t\t<div class=\"elementor-widget-container\">\n\t\t\t\t\t\t\t\t\t<p>&#8220;Un Viaje de Rejuvenecimiento y Paz: Masajes Kobido, Reflexolog\u00eda y Yoga&#8221;<\/p>\t\t\t\t\t\t\t\t<\/div>\n\t\t\t\t<\/div>\n\t\t\t\t\t<\/div>\n\t\t\t\t<\/div>\n\t\t\t\t<\/div>\n\t\t<div class=\"elementor-element elementor-element-54e0c89a e-con-full e-flex e-con e-child\" data-id=\"54e0c89a\" data-element_type=\"container\" data-settings=\"{&quot;background_background&quot;:&quot;classic&quot;}\">\n\t\t<div class=\"elementor-element elementor-element-50c25906 e-flex e-con-boxed e-con e-child\" data-id=\"50c25906\" data-element_type=\"container\">\n\t\t\t\t\t<div class=\"e-con-inner\">\n\t\t\t\t<div class=\"elementor-element elementor-element-1fb6cc18 elementor-widget elementor-widget-heading\" data-id=\"1fb6cc18\" data-element_type=\"widget\" data-widget_type=\"heading.default\">\n\t\t\t\t<div class=\"elementor-widget-container\">\n\t\t\t\t\t<h3 class=\"elementor-heading-title elementor-size-default\">\"Experiencia Inigualable en Yoga, Meditaci\u00f3n y Reflexolog\u00eda Facial\"<\/h3>\t\t\t\t<\/div>\n\t\t\t\t<\/div>\n\t\t\t\t<div class=\"elementor-element elementor-element-7a58a7fe elementor-widget elementor-widget-text-editor\" data-id=\"7a58a7fe\" data-element_type=\"widget\" data-widget_type=\"text-editor.default\">\n\t\t\t\t<div class=\"elementor-widget-container\">\n\t\t\t\t\t\t\t\t\t<p>&#8220;Sanando Mente y Cuerpo con Yoga, Meditaci\u00f3n y Terapias de Belleza Hol\u00edsticas&#8221;<\/p>\t\t\t\t\t\t\t\t<\/div>\n\t\t\t\t<\/div>\n\t\t\t\t\t<\/div>\n\t\t\t\t<\/div>\n\t\t\t\t<\/div>\n\t\t\t\t\t<\/div>\n\t\t\t\t<\/div>\n\t\t\t\t<\/div>\n\t\t","protected":false},"excerpt":{"rendered":"<p>&#8220;Armonizando Cuerpo y Mente con Masajes Kobido y Meditaci\u00f3n Zen&#8221; &#8220;Expertos en Masajes Kobido y Reflexolog\u00eda Facial para tu Bienestar Integral&#8221; &#8220;Un Oasis de Tranquilidad: Masajes Kobido, Reflexolog\u00eda y Meditaci\u00f3n Guiada&#8221; &#8220;Despertando la Armon\u00eda Interna con Yoga, Meditaci\u00f3n y Terapias Faciales&#8221; &#8220;Armonizando Cuerpo y Mente con Masajes Kobido, Reflexolog\u00eda Facial y Yoga&#8221; &#8220;Descubre el Arte [&hellip;]<\/p>\n","protected":false},"author":2,"featured_media":0,"parent":0,"menu_order":0,"comment_status":"closed","ping_status":"closed","template":"","meta":{"footnotes":""},"class_list":["post-43","page","type-page","status-publish","hentry"],"_links":{"self":[{"href":"https:\/\/alextest0001.orbidi.dev\/index.php\/wp-json\/wp\/v2\/pages\/43","targetHints":{"allow":["GET"]}}],"collection":[{"href":"https:\/\/alextest0001.orbidi.dev\/index.php\/wp-json\/wp\/v2\/pages"}],"about":[{"href":"https:\/\/alextest0001.orbidi.dev\/index.php\/wp-json\/wp\/v2\/types\/page"}],"author":[{"embeddable":true,"href":"https:\/\/alextest0001.orbidi.dev\/index.php\/wp-json\/wp\/v2\/users\/2"}],"replies":[{"embeddable":true,"href":"https:\/\/alextest0001.orbidi.dev\/index.php\/wp-json\/wp\/v2\/comments?post=43"}],"version-history":[{"count":4,"href":"https:\/\/alextest0001.orbidi.dev\/index.php\/wp-json\/wp\/v2\/pages\/43\/revisions"}],"predecessor-version":[{"id":77,"href":"https:\/\/alextest0001.orbidi.dev\/index.php\/wp-json\/wp\/v2\/pages\/43\/revisions\/77"}],"wp:attachment":[{"href":"https:\/\/alextest0001.orbidi.dev\/index.php\/wp-json\/wp\/v2\/media?parent=43"}],"curies":[{"name":"wp","href":"https:\/\/api.w.org\/{rel}","templated":true}]}}