{"id":39,"date":"2025-05-14T10:43:13","date_gmt":"2025-05-14T10:43:13","guid":{"rendered":"http:\/\/127.0.0.1:8080\/index.php\/contacto\/"},"modified":"2025-05-14T10:43:14","modified_gmt":"2025-05-14T10:43:14","slug":"contacto","status":"publish","type":"page","link":"https:\/\/alextest0001.orbidi.dev\/index.php\/contacto\/","title":{"rendered":"Contacto"},"content":{"rendered":"\t\t<div data-elementor-type=\"wp-page\" data-elementor-id=\"39\" class=\"elementor elementor-39\" data-elementor-post-type=\"page\">\n\t\t\t\t<div class=\"elementor-element elementor-element-6d254952 e-flex e-con-boxed e-con e-parent\" data-id=\"6d254952\" data-element_type=\"container\">\n\t\t\t\t\t<div class=\"e-con-inner\">\n\t\t<div class=\"elementor-element elementor-element-41ae72d1 e-con-full e-flex e-con e-child\" data-id=\"41ae72d1\" data-element_type=\"container\">\n\t\t\t\t<div class=\"elementor-element elementor-element-2399877c elementor-widget elementor-widget-heading\" data-id=\"2399877c\" data-element_type=\"widget\" data-widget_type=\"heading.default\">\n\t\t\t\t<div class=\"elementor-widget-container\">\n\t\t\t\t\t<span class=\"elementor-heading-title elementor-size-default\">\"Relajaci\u00f3n y Renovaci\u00f3n: Descubra el Poder del Yoga y los Masajes Kobido\"<\/span>\t\t\t\t<\/div>\n\t\t\t\t<\/div>\n\t\t\t\t<div class=\"elementor-element elementor-element-4400ed57 elementor-widget elementor-widget-heading\" data-id=\"4400ed57\" data-element_type=\"widget\" data-widget_type=\"heading.default\">\n\t\t\t\t<div class=\"elementor-widget-container\">\n\t\t\t\t\t<h1 class=\"elementor-heading-title elementor-size-default\">\"Tu camino hacia la serenidad: Masajes Kobido, Reflexolog\u00eda y Yoga Meditativo\"<\/h1>\t\t\t\t<\/div>\n\t\t\t\t<\/div>\n\t\t\t\t<div class=\"elementor-element elementor-element-4d79b146 elementor-widget elementor-widget-text-editor\" data-id=\"4d79b146\" data-element_type=\"widget\" data-widget_type=\"text-editor.default\">\n\t\t\t\t<div class=\"elementor-widget-container\">\n\t\t\t\t\t\t\t\t\t<p><span>&#8220;Armoniza Cuerpo y Mente con Yoga, Meditaci\u00f3n y Masajes Kobido&#8221;<\/span><\/p>\t\t\t\t\t\t\t\t<\/div>\n\t\t\t\t<\/div>\n\t\t\t\t<\/div>\n\t\t<div class=\"elementor-element elementor-element-68975448 e-con-full e-flex e-con e-child\" data-id=\"68975448\" data-element_type=\"container\">\n\t\t\t\t<div class=\"elementor-element elementor-element-7653911a elementor-widget elementor-widget-image\" data-id=\"7653911a\" data-element_type=\"widget\" data-widget_type=\"image.default\">\n\t\t\t\t<div class=\"elementor-widget-container\">\n\t\t\t\t\t\t\t\t\t\t\t\t\t\t\t<img decoding=\"async\" src=\"https:\/\/alextest0001.orbidi.dev\/wp-content\/plugins\/elementor\/assets\/images\/placeholder.png\" title=\"\" alt=\"\" loading=\"lazy\" \/>\t\t\t\t\t\t\t\t\t\t\t\t\t\t\t<\/div>\n\t\t\t\t<\/div>\n\t\t\t\t<\/div>\n\t\t\t\t\t<\/div>\n\t\t\t\t<\/div>\n\t\t<div class=\"elementor-element elementor-element-788f39ca e-flex e-con-boxed e-con e-parent\" data-id=\"788f39ca\" data-element_type=\"container\" data-settings=\"{&quot;background_background&quot;:&quot;classic&quot;}\">\n\t\t\t\t\t<div class=\"e-con-inner\">\n\t\t<a class=\"elementor-element elementor-element-31671108 e-con-full e-flex e-con e-child\" data-id=\"31671108\" data-element_type=\"container\" href=\"https:\/\/maps.app.goo.gl\/FB6gKFnK4cuzXEm27\" target=\"_blank\">\n\t\t\t\t<div class=\"elementor-element elementor-element-34059a3a elementor-widget elementor-widget-heading\" data-id=\"34059a3a\" data-element_type=\"widget\" data-widget_type=\"heading.default\">\n\t\t\t\t<div class=\"elementor-widget-container\">\n\t\t\t\t\t<span class=\"elementor-heading-title elementor-size-default\">Encu\u00e9ntranos <\/span>\t\t\t\t<\/div>\n\t\t\t\t<\/div>\n\t\t\t\t<\/a>\n\t\t<a class=\"elementor-element elementor-element-6667a2cf e-con-full e-flex e-con e-child\" data-id=\"6667a2cf\" data-element_type=\"container\">\n\t\t\t\t<div class=\"elementor-element elementor-element-4b9478c0 elementor-widget elementor-widget-heading\" data-id=\"4b9478c0\" data-element_type=\"widget\" data-widget_type=\"heading.default\">\n\t\t\t\t<div class=\"elementor-widget-container\">\n\t\t\t\t\t<span class=\"elementor-heading-title elementor-size-default\">Horario<\/span>\t\t\t\t<\/div>\n\t\t\t\t<\/div>\n\t\t\t\t<div class=\"elementor-element elementor-element-6cbd2cfc elementor-widget__width-inherit elementor-widget elementor-widget-heading\" data-id=\"6cbd2cfc\" data-element_type=\"widget\" data-widget_type=\"heading.default\">\n\t\t\t\t<div class=\"elementor-widget-container\">\n\t\t\t\t\t<p class=\"elementor-heading-title elementor-size-default\">Lunes a jueves: 9:30h-13:00h\/15:30h-19:30h\n<br>\nViernes y s\u00e1bado:\n10:00h-12:30h\n<\/p>\t\t\t\t<\/div>\n\t\t\t\t<\/div>\n\t\t\t\t<\/a>\n\t\t<a class=\"elementor-element elementor-element-69aa90b3 e-con-full e-flex e-con e-child\" data-id=\"69aa90b3\" data-element_type=\"container\" href=\"tel:+34642929254\" target=\"_blank\">\n\t\t\t\t<div class=\"elementor-element elementor-element-4e927237 elementor-widget elementor-widget-heading\" data-id=\"4e927237\" data-element_type=\"widget\" data-widget_type=\"heading.default\">\n\t\t\t\t<div class=\"elementor-widget-container\">\n\t\t\t\t\t<span class=\"elementor-heading-title elementor-size-default\">Ll\u00e1manos<\/span>\t\t\t\t<\/div>\n\t\t\t\t<\/div>\n\t\t\t\t<\/a>\n\t\t<a class=\"elementor-element elementor-element-12e53eb8 e-con-full e-flex e-con e-child\" data-id=\"12e53eb8\" data-element_type=\"container\" href=\"mailto:%20\" target=\"_blank\">\n\t\t\t\t<div class=\"elementor-element elementor-element-404d3bff elementor-widget elementor-widget-heading\" data-id=\"404d3bff\" data-element_type=\"widget\" data-widget_type=\"heading.default\">\n\t\t\t\t<div class=\"elementor-widget-container\">\n\t\t\t\t\t<span class=\"elementor-heading-title elementor-size-default\">Escr\u00edbenos <\/span>\t\t\t\t<\/div>\n\t\t\t\t<\/div>\n\t\t\t\t<div class=\"elementor-element elementor-element-6f26251a elementor-widget__width-inherit elementor-widget elementor-widget-heading\" data-id=\"6f26251a\" data-element_type=\"widget\" data-widget_type=\"heading.default\">\n\t\t\t\t<div class=\"elementor-widget-container\">\n\t\t\t\t\t<p class=\"elementor-heading-title elementor-size-default\"> \n<\/p>\t\t\t\t<\/div>\n\t\t\t\t<\/div>\n\t\t\t\t<\/a>\n\t\t\t\t\t<\/div>\n\t\t\t\t<\/div>\n\t\t<div class=\"elementor-element elementor-element-342b0d9c e-flex e-con-boxed e-con e-parent\" data-id=\"342b0d9c\" data-element_type=\"container\" data-settings=\"{&quot;background_background&quot;:&quot;classic&quot;}\">\n\t\t\t\t\t<div class=\"e-con-inner\">\n\t\t<div class=\"elementor-element elementor-element-62a0511 e-con-full e-flex e-con e-child\" data-id=\"62a0511\" data-element_type=\"container\">\n\t\t\t\t<div class=\"elementor-element elementor-element-19d7828a elementor-widget-tablet__width-inherit elementor-widget elementor-widget-heading\" data-id=\"19d7828a\" data-element_type=\"widget\" data-widget_type=\"heading.default\">\n\t\t\t\t<div class=\"elementor-widget-container\">\n\t\t\t\t\t<span class=\"elementor-heading-title elementor-size-default\">\"Descubre la Armon\u00eda Interior con Yoga, Meditaci\u00f3n y T\u00e9cnicas de Masaje Orientales\"<\/span>\t\t\t\t<\/div>\n\t\t\t\t<\/div>\n\t\t\t\t<div class=\"elementor-element elementor-element-5ae2213f elementor-widget elementor-widget-heading\" data-id=\"5ae2213f\" data-element_type=\"widget\" data-widget_type=\"heading.default\">\n\t\t\t\t<div class=\"elementor-widget-container\">\n\t\t\t\t\t<h2 class=\"elementor-heading-title elementor-size-default\">\"Transforma Tu Bienestar Con Nuestros Masajes Kobido y Clases de Yoga\"<\/h2>\t\t\t\t<\/div>\n\t\t\t\t<\/div>\n\t\t\t\t<div class=\"elementor-element elementor-element-6c609f2d elementor-widget-tablet__width-inherit elementor-widget elementor-widget-text-editor\" data-id=\"6c609f2d\" data-element_type=\"widget\" data-widget_type=\"text-editor.default\">\n\t\t\t\t<div class=\"elementor-widget-container\">\n\t\t\t\t\t\t\t\t\t<p>&#8220;Descubra la Armon\u00eda Interior: Masajes Kobido, Reflexolog\u00eda y Yoga Meditativo&#8221;<\/p>\t\t\t\t\t\t\t\t<\/div>\n\t\t\t\t<\/div>\n\t\t\t\t<\/div>\n\t\t<div class=\"elementor-element elementor-element-6493783f e-con-full e-flex e-con e-child\" data-id=\"6493783f\" data-element_type=\"container\">\n\t\t\t\t<div class=\"elementor-element elementor-element-4e019806 elementor-button-align-center elementor-widget__width-inherit elementor-widget elementor-widget-form\" data-id=\"4e019806\" data-element_type=\"widget\" data-settings=\"{&quot;step_next_label&quot;:&quot;Siguiente&quot;,&quot;step_previous_label&quot;:&quot;Anterior&quot;,&quot;button_width&quot;:&quot;100&quot;,&quot;step_type&quot;:&quot;number_text&quot;,&quot;step_icon_shape&quot;:&quot;circle&quot;}\" data-widget_type=\"form.default\">\n\t\t\t\t<div class=\"elementor-widget-container\">\n\t\t\t\t\t\t\t<form class=\"elementor-form\" method=\"post\" name=\"Formulario de contacto\" novalidate=\"\">\n\t\t\t<input type=\"hidden\" name=\"post_id\" value=\"39\"\/>\n\t\t\t<input type=\"hidden\" name=\"form_id\" value=\"4e019806\"\/>\n\t\t\t<input type=\"hidden\" name=\"referer_title\" value=\"\" \/>\n\n\t\t\t\n\t\t\t<div class=\"elementor-form-fields-wrapper elementor-labels-\">\n\t\t\t\t\t\t\t\t<div class=\"elementor-field-type-text elementor-field-group elementor-column elementor-field-group-name elementor-col-50\">\n\t\t\t\t\t\t\t\t\t\t\t\t<label for=\"form-field-name\" class=\"elementor-field-label elementor-screen-only\">\n\t\t\t\t\t\t\t\tNombre\t\t\t\t\t\t\t<\/label>\n\t\t\t\t\t\t\t\t\t\t\t\t\t\t<input size=\"1\" type=\"text\" name=\"form_fields[name]\" id=\"form-field-name\" class=\"elementor-field elementor-size-sm  elementor-field-textual\" placeholder=\"Nombre\">\n\t\t\t\t\t\t\t\t\t\t\t<\/div>\n\t\t\t\t\t\t\t\t<div class=\"elementor-field-type-text elementor-field-group elementor-column elementor-field-group-field_ff312a8 elementor-col-50\">\n\t\t\t\t\t\t\t\t\t\t\t\t<label for=\"form-field-field_ff312a8\" class=\"elementor-field-label elementor-screen-only\">\n\t\t\t\t\t\t\t\tTel\u00e9fono \t\t\t\t\t\t\t<\/label>\n\t\t\t\t\t\t\t\t\t\t\t\t\t\t<input size=\"1\" type=\"text\" name=\"form_fields[field_ff312a8]\" id=\"form-field-field_ff312a8\" class=\"elementor-field elementor-size-sm  elementor-field-textual\" placeholder=\"Tel\u00e9fono\">\n\t\t\t\t\t\t\t\t\t\t\t<\/div>\n\t\t\t\t\t\t\t\t<div class=\"elementor-field-type-email elementor-field-group elementor-column elementor-field-group-email elementor-col-100 elementor-field-required\">\n\t\t\t\t\t\t\t\t\t\t\t\t<label for=\"form-field-email\" class=\"elementor-field-label elementor-screen-only\">\n\t\t\t\t\t\t\t\tCorreo electr\u00f3nico\t\t\t\t\t\t\t<\/label>\n\t\t\t\t\t\t\t\t\t\t\t\t\t\t<input size=\"1\" type=\"email\" name=\"form_fields[email]\" id=\"form-field-email\" class=\"elementor-field elementor-size-sm  elementor-field-textual\" placeholder=\"Correo electr\u00f3nico\" required=\"required\">\n\t\t\t\t\t\t\t\t\t\t\t<\/div>\n\t\t\t\t\t\t\t\t<div class=\"elementor-field-type-textarea elementor-field-group elementor-column elementor-field-group-message elementor-col-100\">\n\t\t\t\t\t\t\t\t\t\t\t\t<label for=\"form-field-message\" class=\"elementor-field-label elementor-screen-only\">\n\t\t\t\t\t\t\t\tMensaje\t\t\t\t\t\t\t<\/label>\n\t\t\t\t\t\t<textarea class=\"elementor-field-textual elementor-field  elementor-size-sm\" name=\"form_fields[message]\" id=\"form-field-message\" rows=\"4\" placeholder=\"Mensaje\"><\/textarea>\t\t\t\t<\/div>\n\t\t\t\t\t\t\t\t<div class=\"elementor-field-group elementor-column elementor-field-type-submit elementor-col-100 e-form__buttons\">\n\t\t\t\t\t<button class=\"elementor-button elementor-size-sm\" type=\"submit\">\n\t\t\t\t\t\t<span class=\"elementor-button-content-wrapper\">\n\t\t\t\t\t\t\t\t\t\t\t\t\t\t\t\t\t\t\t\t\t\t<span class=\"elementor-button-text\">Enviar<\/span>\n\t\t\t\t\t\t\t\t\t\t\t\t\t<\/span>\n\t\t\t\t\t<\/button>\n\t\t\t\t<\/div>\n\t\t\t<\/div>\n\t\t<\/form>\n\t\t\t\t\t\t<\/div>\n\t\t\t\t<\/div>\n\t\t\t\t<\/div>\n\t\t\t\t\t<\/div>\n\t\t\t\t<\/div>\n\t\t<div class=\"elementor-element elementor-element-30890208 e-con-full e-flex e-con e-parent\" data-id=\"30890208\" data-element_type=\"container\">\n\t\t\t\t<div class=\"elementor-element elementor-element-313f01d elementor-widget elementor-widget-google_maps\" data-id=\"313f01d\" data-element_type=\"widget\" data-widget_type=\"google_maps.default\">\n\t\t\t\t<div class=\"elementor-widget-container\">\n\t\t\t\t\t\t\t<div class=\"elementor-custom-embed\">\n\t\t\t<iframe loading=\"lazy\"\n\t\t\t\t\tsrc=\"https:\/\/maps.google.com\/maps?q=Vyana%20Quiropractica&#038;t=m&#038;z=16&#038;output=embed&#038;iwloc=near\"\n\t\t\t\t\ttitle=\"Vyana Quiropractica\"\n\t\t\t\t\taria-label=\"Vyana Quiropractica\"\n\t\t\t><\/iframe>\n\t\t<\/div>\n\t\t\t\t\t\t<\/div>\n\t\t\t\t<\/div>\n\t\t\t\t<\/div>\n\t\t\t\t<\/div>\n\t\t","protected":false},"excerpt":{"rendered":"<p>&#8220;Relajaci\u00f3n y Renovaci\u00f3n: Descubra el Poder del Yoga y los Masajes Kobido&#8221; &#8220;Tu camino hacia la serenidad: Masajes Kobido, Reflexolog\u00eda y Yoga Meditativo&#8221; &#8220;Armoniza Cuerpo y Mente con Yoga, Meditaci\u00f3n y Masajes Kobido&#8221; Encu\u00e9ntranos Horario Lunes a jueves: 9:30h-13:00h\/15:30h-19:30h Viernes y s\u00e1bado: 10:00h-12:30h Ll\u00e1manos Escr\u00edbenos &#8220;Descubre la Armon\u00eda Interior con Yoga, Meditaci\u00f3n y T\u00e9cnicas de [&hellip;]<\/p>\n","protected":false},"author":2,"featured_media":42,"parent":0,"menu_order":0,"comment_status":"closed","ping_status":"closed","template":"","meta":{"footnotes":""},"class_list":["post-39","page","type-page","status-publish","has-post-thumbnail","hentry"],"_links":{"self":[{"href":"https:\/\/alextest0001.orbidi.dev\/index.php\/wp-json\/wp\/v2\/pages\/39","targetHints":{"allow":["GET"]}}],"collection":[{"href":"https:\/\/alextest0001.orbidi.dev\/index.php\/wp-json\/wp\/v2\/pages"}],"about":[{"href":"https:\/\/alextest0001.orbidi.dev\/index.php\/wp-json\/wp\/v2\/types\/page"}],"author":[{"embeddable":true,"href":"https:\/\/alextest0001.orbidi.dev\/index.php\/wp-json\/wp\/v2\/users\/2"}],"replies":[{"embeddable":true,"href":"https:\/\/alextest0001.orbidi.dev\/index.php\/wp-json\/wp\/v2\/comments?post=39"}],"version-history":[{"count":4,"href":"https:\/\/alextest0001.orbidi.dev\/index.php\/wp-json\/wp\/v2\/pages\/39\/revisions"}],"predecessor-version":[{"id":75,"href":"https:\/\/alextest0001.orbidi.dev\/index.php\/wp-json\/wp\/v2\/pages\/39\/revisions\/75"}],"wp:featuredmedia":[{"embeddable":true,"href":"https:\/\/alextest0001.orbidi.dev\/index.php\/wp-json\/wp\/v2\/media\/42"}],"wp:attachment":[{"href":"https:\/\/alextest0001.orbidi.dev\/index.php\/wp-json\/wp\/v2\/media?parent=39"}],"curies":[{"name":"wp","href":"https:\/\/api.w.org\/{rel}","templated":true}]}}